{"id":269,"date":"2025-12-08T12:42:03","date_gmt":"2025-12-08T12:42:03","guid":{"rendered":"https:\/\/neu.rett-syndrom-elternhilfe.de\/?page_id=269"},"modified":"2026-02-27T10:59:27","modified_gmt":"2026-02-27T10:59:27","slug":"mitglied-werden","status":"publish","type":"page","link":"https:\/\/rett-syndrom-elternhilfe.de\/?page_id=269","title":{"rendered":"Mitglied werden"},"content":{"rendered":"\t\t<div data-elementor-type=\"wp-page\" data-elementor-id=\"269\" class=\"elementor elementor-269\">\n\t\t\t\t<div class=\"elementor-element elementor-element-d5cfde3 e-con-full e-flex wpr-particle-no wpr-jarallax-no wpr-parallax-no wpr-sticky-section-no e-con e-parent\" data-id=\"d5cfde3\" data-element_type=\"container\" data-settings=\"{&quot;background_background&quot;:&quot;classic&quot;,&quot;shape_divider_bottom&quot;:&quot;waves&quot;}\">\n\t\t\t\t<div class=\"elementor-shape elementor-shape-bottom\" aria-hidden=\"true\" data-negative=\"false\">\n\t\t\t<svg xmlns=\"http:\/\/www.w3.org\/2000\/svg\" viewBox=\"0 0 1000 100\" preserveAspectRatio=\"none\">\n\t<path class=\"elementor-shape-fill\" d=\"M421.9,6.5c22.6-2.5,51.5,0.4,75.5,5.3c23.6,4.9,70.9,23.5,100.5,35.7c75.8,32.2,133.7,44.5,192.6,49.7\n\tc23.6,2.1,48.7,3.5,103.4-2.5c54.7-6,106.2-25.6,106.2-25.6V0H0v30.3c0,0,72,32.6,158.4,30.5c39.2-0.7,92.8-6.7,134-22.4\n\tc21.2-8.1,52.2-18.2,79.7-24.2C399.3,7.9,411.6,7.5,421.9,6.5z\"\/>\n<\/svg>\t\t<\/div>\n\t\t\t\t<div class=\"elementor-element elementor-element-3ecd55be elementor-invisible elementor-widget elementor-widget-heading\" data-id=\"3ecd55be\" data-element_type=\"widget\" data-settings=\"{&quot;_animation&quot;:&quot;fadeIn&quot;}\" data-widget_type=\"heading.default\">\n\t\t\t\t\t<h1 class=\"elementor-heading-title elementor-size-default\">Mitglied werden<\/h1>\t\t\t\t<\/div>\n\t\t\t\t<\/div>\n\t\t<div class=\"elementor-element elementor-element-cc0e82b e-flex e-con-boxed wpr-particle-no wpr-jarallax-no wpr-parallax-no wpr-sticky-section-no e-con e-parent\" data-id=\"cc0e82b\" data-element_type=\"container\" id=\"rett\">\n\t\t\t\t\t<div class=\"e-con-inner\">\n\t\t\t\t<div class=\"elementor-element elementor-element-e294e54 elementor-widget elementor-widget-text-editor\" data-id=\"e294e54\" data-element_type=\"widget\" data-widget_type=\"text-editor.default\">\n\t\t\t\t\t\t\t\t\t<p>Hier finden Sie den Mitgliedsantrag sowie die Kontaktdaten unserer Gesch\u00e4ftsstelle. Wir freuen uns auf Ihren Anruf bei allen R\u00fcckfragen, die aufkommen sollten.<\/p>\t\t\t\t\t\t\t\t<\/div>\n\t\t\t\t\t<\/div>\n\t\t\t\t<\/div>\n\t\t<div class=\"elementor-element elementor-element-1752e99 e-flex e-con-boxed wpr-particle-no wpr-jarallax-no wpr-parallax-no wpr-sticky-section-no e-con e-parent\" data-id=\"1752e99\" data-element_type=\"container\">\n\t\t\t\t\t<div class=\"e-con-inner\">\n\t\t\t\t<div class=\"elementor-element elementor-element-e07e497 elementor-align-center elementor-widget elementor-widget-button\" data-id=\"e07e497\" data-element_type=\"widget\" data-widget_type=\"button.default\">\n\t\t\t\t\t\t\t\t\t\t<a class=\"elementor-button elementor-button-link elementor-size-sm\" href=\"https:\/\/rett-syndrom-elternhilfe.de\/wp-content\/uploads\/2025\/10\/Beitrittserklaerung-Rett-Syndrom-Elternhilfe_LV-Nord_neu.pdf\">\n\t\t\t\t\t\t<span class=\"elementor-button-content-wrapper\">\n\t\t\t\t\t\t\t\t\t<span class=\"elementor-button-text\">Beitrittserkl\u00e4rung herunterladen<\/span>\n\t\t\t\t\t<\/span>\n\t\t\t\t\t<\/a>\n\t\t\t\t\t\t\t\t<\/div>\n\t\t\t\t<div class=\"elementor-element elementor-element-73861e5 elementor-align-center elementor-widget elementor-widget-button\" data-id=\"73861e5\" data-element_type=\"widget\" data-widget_type=\"button.default\">\n\t\t\t\t\t\t\t\t\t\t<a class=\"elementor-button elementor-button-link elementor-size-sm\" href=\"https:\/\/rett-syndrom-elternhilfe.de\/wp-content\/uploads\/2025\/10\/Satzung-2024.pdf\">\n\t\t\t\t\t\t<span class=\"elementor-button-content-wrapper\">\n\t\t\t\t\t\t\t\t\t<span class=\"elementor-button-text\">Aktuelle Satzung herunterladen<\/span>\n\t\t\t\t\t<\/span>\n\t\t\t\t\t<\/a>\n\t\t\t\t\t\t\t\t<\/div>\n\t\t\t\t<div class=\"elementor-element elementor-element-5f6e126 elementor-widget elementor-widget-text-editor\" data-id=\"5f6e126\" data-element_type=\"widget\" data-widget_type=\"text-editor.default\">\n\t\t\t\t\t\t\t\t\t<p><b>Haben Sie Fragen oder m\u00f6chten Sie Teil unserer Gemeinschaft werden?<br \/><\/b>Wir freuen uns auf Ihre Nachricht!<\/p><p>Telefon: <a href=\"tel:004915170099232\">+49 151 70 09 92 32<\/a><\/p><p>E-Mail: <a href=\"mailto:info@rett-syndrom-elternhilfe.de\">info@rett-syndrom-elternhilfe.de<\/a><\/p>\t\t\t\t\t\t\t\t<\/div>\n\t\t\t\t\t<\/div>\n\t\t\t\t<\/div>\n\t\t<div class=\"elementor-element elementor-element-d9a62e0 e-flex e-con-boxed wpr-particle-no wpr-jarallax-no wpr-parallax-no wpr-sticky-section-no e-con e-parent\" data-id=\"d9a62e0\" data-element_type=\"container\">\n\t\t\t\t\t<div class=\"e-con-inner\">\n\t\t\t\t<div class=\"elementor-element elementor-element-2ba4900 elementor-widget elementor-widget-text-editor\" data-id=\"2ba4900\" data-element_type=\"widget\" data-widget_type=\"text-editor.default\">\n\t\t\t\t\t\t\t\t\t<p>Wir geh\u00f6ren zu:<\/p>\t\t\t\t\t\t\t\t<\/div>\n\t\t\t\t\t<\/div>\n\t\t\t\t<\/div>\n\t\t<div class=\"elementor-element elementor-element-2bce35e e-flex e-con-boxed wpr-particle-no wpr-jarallax-no wpr-parallax-no wpr-sticky-section-no e-con e-parent\" data-id=\"2bce35e\" data-element_type=\"container\">\n\t\t\t\t\t<div class=\"e-con-inner\">\n\t\t<div class=\"elementor-element elementor-element-84d1d74 e-con-full e-flex wpr-particle-no wpr-jarallax-no wpr-parallax-no wpr-sticky-section-no e-con e-child\" data-id=\"84d1d74\" data-element_type=\"container\">\n\t\t\t\t<div class=\"elementor-element elementor-element-c605d00 elementor-widget elementor-widget-image\" data-id=\"c605d00\" data-element_type=\"widget\" data-widget_type=\"image.default\">\n\t\t\t\t\t\t\t\t\t\t\t\t\t\t\t<img fetchpriority=\"high\" decoding=\"async\" width=\"800\" height=\"478\" src=\"https:\/\/rett-syndrom-elternhilfe.de\/wp-content\/uploads\/2026\/02\/bvkm_logo_mit_untertitel_und_mitglied_im_2026_rgb-1-1024x612.jpg\" class=\"attachment-large size-large wp-image-454\" alt=\"\" srcset=\"https:\/\/rett-syndrom-elternhilfe.de\/wp-content\/uploads\/2026\/02\/bvkm_logo_mit_untertitel_und_mitglied_im_2026_rgb-1-1024x612.jpg 1024w, https:\/\/rett-syndrom-elternhilfe.de\/wp-content\/uploads\/2026\/02\/bvkm_logo_mit_untertitel_und_mitglied_im_2026_rgb-1-300x179.jpg 300w, https:\/\/rett-syndrom-elternhilfe.de\/wp-content\/uploads\/2026\/02\/bvkm_logo_mit_untertitel_und_mitglied_im_2026_rgb-1-768x459.jpg 768w, https:\/\/rett-syndrom-elternhilfe.de\/wp-content\/uploads\/2026\/02\/bvkm_logo_mit_untertitel_und_mitglied_im_2026_rgb-1.jpg 1462w\" sizes=\"(max-width: 800px) 100vw, 800px\" \/>\t\t\t\t\t\t\t\t\t\t\t\t\t\t\t<\/div>\n\t\t\t\t<div class=\"elementor-element elementor-element-b912440 elementor-widget elementor-widget-text-editor\" data-id=\"b912440\" data-element_type=\"widget\" data-widget_type=\"text-editor.default\">\n\t\t\t\t\t\t\t\t\t<p style=\"font-size: 16px; margin: 0px 0px 16px; padding: 0px; border: 0px; line-height: 1.6em; caret-color: #646464; color: #646464; font-family: helvetica, arial;\">Weitere Informationen finden Sie unter<br \/><a style=\"margin: 0px; padding: 0px; border: 0px; color: #ff6432; text-decoration: underline;\" href=\"https:\/\/bvkm.de\" target=\"_blank\" rel=\"noopener\">https:\/\/bvkm.de\/<\/a><\/p>\t\t\t\t\t\t\t\t<\/div>\n\t\t\t\t<\/div>\n\t\t<div class=\"elementor-element elementor-element-aec0f79 e-con-full e-flex wpr-particle-no wpr-jarallax-no wpr-parallax-no wpr-sticky-section-no e-con e-child\" data-id=\"aec0f79\" data-element_type=\"container\">\n\t\t\t\t<div class=\"elementor-element elementor-element-f769c88 elementor-widget elementor-widget-image\" data-id=\"f769c88\" data-element_type=\"widget\" data-widget_type=\"image.default\">\n\t\t\t\t\t\t\t\t\t\t\t\t\t\t\t<img decoding=\"async\" width=\"257\" height=\"73\" src=\"https:\/\/rett-syndrom-elternhilfe.de\/wp-content\/uploads\/2025\/10\/257x73xlvkm-logo.png.pagespeed.ic_.eg9eC_RkzW.png\" class=\"attachment-large size-large wp-image-224\" alt=\"\" \/>\t\t\t\t\t\t\t\t\t\t\t\t\t\t\t<\/div>\n\t\t\t\t<div class=\"elementor-element elementor-element-03a9f62 elementor-widget elementor-widget-text-editor\" data-id=\"03a9f62\" data-element_type=\"widget\" data-widget_type=\"text-editor.default\">\n\t\t\t\t\t\t\t\t\t<p style=\"font-size: 16px; margin: 0px 0px 16px; padding: 0px; border: 0px; line-height: 1.6em; caret-color: #646464; color: #646464; font-family: helvetica, arial;\">Weitere Informationen finden Sie unter<br \/><a style=\"margin: 0px; padding: 0px; border: 0px; color: #ff6432; text-decoration: underline;\" href=\"http:\/\/www.lvkm-sh.de\/\" target=\"_blank\" rel=\"noopener\">www.lvkm-sh.de<\/a><\/p>\t\t\t\t\t\t\t\t<\/div>\n\t\t\t\t<\/div>\n\t\t<div class=\"elementor-element elementor-element-2748383 e-con-full e-flex wpr-particle-no wpr-jarallax-no wpr-parallax-no wpr-sticky-section-no e-con e-child\" data-id=\"2748383\" data-element_type=\"container\">\n\t\t\t\t<div class=\"elementor-element elementor-element-0b9b44b elementor-widget elementor-widget-image\" data-id=\"0b9b44b\" data-element_type=\"widget\" data-widget_type=\"image.default\">\n\t\t\t\t\t\t\t\t\t\t\t\t\t\t\t<img decoding=\"async\" width=\"292\" height=\"57\" src=\"https:\/\/rett-syndrom-elternhilfe.de\/wp-content\/uploads\/2025\/10\/logo-1.png\" class=\"attachment-large size-large wp-image-226\" alt=\"\" \/>\t\t\t\t\t\t\t\t\t\t\t\t\t\t\t<\/div>\n\t\t\t\t<div class=\"elementor-element elementor-element-7ae1d40 elementor-widget elementor-widget-text-editor\" data-id=\"7ae1d40\" data-element_type=\"widget\" data-widget_type=\"text-editor.default\">\n\t\t\t\t\t\t\t\t\t<p style=\"font-size: 16px; margin: 0px 0px 16px; padding: 0px; border: 0px; line-height: 1.6em; caret-color: #646464; color: #646464; font-family: helvetica, arial;\">Weitere Informationen finden Sie unter\u00a0<br \/><a style=\"margin: 0px; padding: 0px; border: 0px; color: #ff6432; text-decoration: underline;\" title=\"Rett-Syndrom Deutschland e.V.\" href=\"http:\/\/www.rett-syndrom-deutschland.de\/\" target=\"_blank\" rel=\"noopener\">www.rett-syndrom-deutschland.de<\/a><\/p>\t\t\t\t\t\t\t\t<\/div>\n\t\t\t\t<\/div>\n\t\t<div class=\"elementor-element elementor-element-8177a55 e-con-full e-flex wpr-particle-no wpr-jarallax-no wpr-parallax-no wpr-sticky-section-no e-con e-child\" data-id=\"8177a55\" data-element_type=\"container\">\n\t\t\t\t<div class=\"elementor-element elementor-element-a5e58b0 elementor-widget elementor-widget-image\" data-id=\"a5e58b0\" data-element_type=\"widget\" data-widget_type=\"image.default\">\n\t\t\t\t\t\t\t\t\t\t\t\t\t\t\t<img loading=\"lazy\" decoding=\"async\" width=\"597\" height=\"185\" src=\"https:\/\/rett-syndrom-elternhilfe.de\/wp-content\/uploads\/2025\/10\/Rett-Syndrom_Sdwest_rgb.jpg\" class=\"attachment-large size-large wp-image-227\" alt=\"\" srcset=\"https:\/\/rett-syndrom-elternhilfe.de\/wp-content\/uploads\/2025\/10\/Rett-Syndrom_Sdwest_rgb.jpg 597w, https:\/\/rett-syndrom-elternhilfe.de\/wp-content\/uploads\/2025\/10\/Rett-Syndrom_Sdwest_rgb-300x93.jpg 300w\" sizes=\"(max-width: 597px) 100vw, 597px\" \/>\t\t\t\t\t\t\t\t\t\t\t\t\t\t\t<\/div>\n\t\t\t\t<div class=\"elementor-element elementor-element-817b875 elementor-widget elementor-widget-text-editor\" data-id=\"817b875\" data-element_type=\"widget\" data-widget_type=\"text-editor.default\">\n\t\t\t\t\t\t\t\t\t<p style=\"font-size: 16px; margin: 0px 0px 16px; padding: 0px; border: 0px; line-height: 1.6em; caret-color: #646464; color: #646464; font-family: helvetica, arial;\">Weitere Informationen finden Sie unter <br \/><a style=\"margin: 0px; padding: 0px; border: 0px; color: #ff6432; text-decoration: underline;\" href=\"https:\/\/www.rett-syndrom-suedwest.de\/\">https:\/\/www.rett-syndrom-suedwest.de<\/a><\/p>\t\t\t\t\t\t\t\t<\/div>\n\t\t\t\t<\/div>\n\t\t<div class=\"elementor-element elementor-element-3e1a8ab e-con-full e-flex wpr-particle-no wpr-jarallax-no wpr-parallax-no wpr-sticky-section-no e-con e-child\" data-id=\"3e1a8ab\" data-element_type=\"container\">\n\t\t\t\t<div class=\"elementor-element elementor-element-79fe7ef elementor-widget elementor-widget-image\" data-id=\"79fe7ef\" data-element_type=\"widget\" data-widget_type=\"image.default\">\n\t\t\t\t\t\t\t\t\t\t\t\t\t\t\t<img loading=\"lazy\" decoding=\"async\" width=\"150\" height=\"150\" src=\"https:\/\/rett-syndrom-elternhilfe.de\/wp-content\/uploads\/2025\/10\/image-150x150.jpg\" class=\"attachment-thumbnail size-thumbnail wp-image-225\" alt=\"\" srcset=\"https:\/\/rett-syndrom-elternhilfe.de\/wp-content\/uploads\/2025\/10\/image-150x150.jpg 150w, https:\/\/rett-syndrom-elternhilfe.de\/wp-content\/uploads\/2025\/10\/image-300x300.jpg 300w, https:\/\/rett-syndrom-elternhilfe.de\/wp-content\/uploads\/2025\/10\/image.jpg 414w\" sizes=\"(max-width: 150px) 100vw, 150px\" \/>\t\t\t\t\t\t\t\t\t\t\t\t\t\t\t<\/div>\n\t\t\t\t<div class=\"elementor-element elementor-element-399c2d2 elementor-widget elementor-widget-text-editor\" data-id=\"399c2d2\" data-element_type=\"widget\" data-widget_type=\"text-editor.default\">\n\t\t\t\t\t\t\t\t\t<p style=\"font-size: 16px; margin: 0px 0px 16px; padding: 0px; border: 0px; line-height: 1.6em; caret-color: #646464; color: #646464; font-family: helvetica, arial;\">Weiter Informationen finden Sie unter <br \/><a href=\"https:\/\/www.rett-bayern.de\/\">https:\/\/www.rett-bayern.de\/<\/a><\/p>\t\t\t\t\t\t\t\t<\/div>\n\t\t\t\t<\/div>\n\t\t\t\t\t<\/div>\n\t\t\t\t<\/div>\n\t\t\t\t<\/div>\n\t\t","protected":false},"excerpt":{"rendered":"<p>Mitglied werden Hier finden Sie den Mitgliedsantrag sowie die Kontaktdaten unserer Gesch\u00e4ftsstelle. Wir freuen uns auf Ihren Anruf bei allen R\u00fcckfragen, die aufkommen sollten. Beitrittserkl\u00e4rung herunterladen Aktuelle Satzung herunterladen Haben Sie Fragen oder m\u00f6chten Sie Teil unserer Gemeinschaft werden?Wir freuen uns auf Ihre Nachricht! Telefon: +49 151 70 09 92 32 E-Mail: info@rett-syndrom-elternhilfe.de Wir geh\u00f6ren zu: Weitere Informationen finden Sie unterhttps:\/\/bvkm.de\/ Weitere Informationen finden Sie unterwww.lvkm-sh.de Weitere Informationen finden Sie unter\u00a0www.rett-syndrom-deutschland.de Weitere Informationen finden Sie unter https:\/\/www.rett-syndrom-suedwest.de Weiter Informationen finden Sie unter https:\/\/www.rett-bayern.de\/<\/p>\n","protected":false},"author":1,"featured_media":117,"parent":0,"menu_order":0,"comment_status":"closed","ping_status":"closed","template":"elementor_header_footer","meta":{"footnotes":""},"class_list":["post-269","page","type-page","status-publish","has-post-thumbnail","hentry"],"_links":{"self":[{"href":"https:\/\/rett-syndrom-elternhilfe.de\/index.php?rest_route=\/wp\/v2\/pages\/269","targetHints":{"allow":["GET"]}}],"collection":[{"href":"https:\/\/rett-syndrom-elternhilfe.de\/index.php?rest_route=\/wp\/v2\/pages"}],"about":[{"href":"https:\/\/rett-syndrom-elternhilfe.de\/index.php?rest_route=\/wp\/v2\/types\/page"}],"author":[{"embeddable":true,"href":"https:\/\/rett-syndrom-elternhilfe.de\/index.php?rest_route=\/wp\/v2\/users\/1"}],"replies":[{"embeddable":true,"href":"https:\/\/rett-syndrom-elternhilfe.de\/index.php?rest_route=%2Fwp%2Fv2%2Fcomments&post=269"}],"version-history":[{"count":25,"href":"https:\/\/rett-syndrom-elternhilfe.de\/index.php?rest_route=\/wp\/v2\/pages\/269\/revisions"}],"predecessor-version":[{"id":460,"href":"https:\/\/rett-syndrom-elternhilfe.de\/index.php?rest_route=\/wp\/v2\/pages\/269\/revisions\/460"}],"wp:featuredmedia":[{"embeddable":true,"href":"https:\/\/rett-syndrom-elternhilfe.de\/index.php?rest_route=\/wp\/v2\/media\/117"}],"wp:attachment":[{"href":"https:\/\/rett-syndrom-elternhilfe.de\/index.php?rest_route=%2Fwp%2Fv2%2Fmedia&parent=269"}],"curies":[{"name":"wp","href":"https:\/\/api.w.org\/{rel}","templated":true}]}}