{"id":191,"date":"2025-10-13T12:18:04","date_gmt":"2025-10-13T12:18:04","guid":{"rendered":"https:\/\/neu.rett-syndrom-elternhilfe.de\/?page_id=191"},"modified":"2026-02-13T08:50:22","modified_gmt":"2026-02-13T08:50:22","slug":"unsere-mitglieder","status":"publish","type":"page","link":"https:\/\/rett-syndrom-elternhilfe.de\/?page_id=191","title":{"rendered":"Unsere Mitglieder"},"content":{"rendered":"\t\t<div data-elementor-type=\"wp-page\" data-elementor-id=\"191\" class=\"elementor elementor-191\">\n\t\t\t\t<div class=\"elementor-element elementor-element-d5cfde3 e-con-full e-flex wpr-particle-no wpr-jarallax-no wpr-parallax-no wpr-sticky-section-no e-con e-parent\" data-id=\"d5cfde3\" data-element_type=\"container\" data-settings=\"{&quot;background_background&quot;:&quot;classic&quot;,&quot;shape_divider_bottom&quot;:&quot;waves&quot;}\">\n\t\t\t\t<div class=\"elementor-shape elementor-shape-bottom\" aria-hidden=\"true\" data-negative=\"false\">\n\t\t\t<svg xmlns=\"http:\/\/www.w3.org\/2000\/svg\" viewBox=\"0 0 1000 100\" preserveAspectRatio=\"none\">\n\t<path class=\"elementor-shape-fill\" d=\"M421.9,6.5c22.6-2.5,51.5,0.4,75.5,5.3c23.6,4.9,70.9,23.5,100.5,35.7c75.8,32.2,133.7,44.5,192.6,49.7\n\tc23.6,2.1,48.7,3.5,103.4-2.5c54.7-6,106.2-25.6,106.2-25.6V0H0v30.3c0,0,72,32.6,158.4,30.5c39.2-0.7,92.8-6.7,134-22.4\n\tc21.2-8.1,52.2-18.2,79.7-24.2C399.3,7.9,411.6,7.5,421.9,6.5z\"\/>\n<\/svg>\t\t<\/div>\n\t\t\t\t<div class=\"elementor-element elementor-element-3ecd55be elementor-invisible elementor-widget elementor-widget-heading\" data-id=\"3ecd55be\" data-element_type=\"widget\" data-settings=\"{&quot;_animation&quot;:&quot;fadeIn&quot;}\" data-widget_type=\"heading.default\">\n\t\t\t\t\t<h1 class=\"elementor-heading-title elementor-size-default\">Unsere Mitglieder<\/h1>\t\t\t\t<\/div>\n\t\t\t\t<div class=\"elementor-element elementor-element-28eb8ef elementor-widget elementor-widget-text-editor\" data-id=\"28eb8ef\" data-element_type=\"widget\" data-widget_type=\"text-editor.default\">\n\t\t\t\t\t\t\t\t\t<p>Ein Einblick in unsere Familien<\/p>\t\t\t\t\t\t\t\t<\/div>\n\t\t\t\t<\/div>\n\t\t<div class=\"elementor-element elementor-element-cc0e82b e-flex e-con-boxed wpr-particle-no wpr-jarallax-no wpr-parallax-no wpr-sticky-section-no e-con e-parent\" data-id=\"cc0e82b\" data-element_type=\"container\" id=\"rett\">\n\t\t\t\t\t<div class=\"e-con-inner\">\n\t\t\t\t<div class=\"elementor-element elementor-element-e294e54 elementor-widget elementor-widget-text-editor\" data-id=\"e294e54\" data-element_type=\"widget\" data-widget_type=\"text-editor.default\">\n\t\t\t\t\t\t\t\t\t<p>Das Leben mit dem Rett-Syndrom bringt besondere Herausforderungen \u2013 und besondere Momente.<br \/>Wir sind eine Gemeinschaft von Eltern, die unterst\u00fctzt, begleitet und Hoffnung gibt.<br \/><b>Sch\u00f6n, dass Sie da sind.<\/b><\/p>\t\t\t\t\t\t\t\t<\/div>\n\t\t\t\t\t<\/div>\n\t\t\t\t<\/div>\n\t\t<div class=\"elementor-element elementor-element-2ef677b e-grid e-con-boxed wpr-particle-no wpr-jarallax-no wpr-parallax-no wpr-sticky-section-no e-con e-parent\" data-id=\"2ef677b\" data-element_type=\"container\">\n\t\t\t\t\t<div class=\"e-con-inner\">\n\t\t\t\t<div class=\"elementor-element elementor-element-b1553a9 elementor-widget elementor-widget-image\" data-id=\"b1553a9\" data-element_type=\"widget\" data-widget_type=\"image.default\">\n\t\t\t\t\t\t\t\t\t\t\t\t\t\t\t<img fetchpriority=\"high\" decoding=\"async\" width=\"800\" height=\"534\" src=\"https:\/\/rett-syndrom-elternhilfe.de\/wp-content\/uploads\/2025\/10\/7-Juli-Marla-und-Marc-1024x683.jpg\" class=\"attachment-large size-large wp-image-108\" alt=\"\" srcset=\"https:\/\/rett-syndrom-elternhilfe.de\/wp-content\/uploads\/2025\/10\/7-Juli-Marla-und-Marc-1024x683.jpg 1024w, https:\/\/rett-syndrom-elternhilfe.de\/wp-content\/uploads\/2025\/10\/7-Juli-Marla-und-Marc-300x200.jpg 300w, https:\/\/rett-syndrom-elternhilfe.de\/wp-content\/uploads\/2025\/10\/7-Juli-Marla-und-Marc-768x512.jpg 768w, https:\/\/rett-syndrom-elternhilfe.de\/wp-content\/uploads\/2025\/10\/7-Juli-Marla-und-Marc-1536x1024.jpg 1536w, https:\/\/rett-syndrom-elternhilfe.de\/wp-content\/uploads\/2025\/10\/7-Juli-Marla-und-Marc-2048x1365.jpg 2048w\" sizes=\"(max-width: 800px) 100vw, 800px\" \/>\t\t\t\t\t\t\t\t\t\t\t\t\t\t\t<\/div>\n\t\t\t\t<div class=\"elementor-element elementor-element-fa30f00 elementor-widget elementor-widget-image\" data-id=\"fa30f00\" data-element_type=\"widget\" data-widget_type=\"image.default\">\n\t\t\t\t\t\t\t\t\t\t\t\t\t\t\t<img decoding=\"async\" width=\"800\" height=\"534\" src=\"https:\/\/rett-syndrom-elternhilfe.de\/wp-content\/uploads\/2025\/10\/2-Feb.-Frank-Bossa-und-Paulina-1024x683.jpg\" class=\"attachment-large size-large wp-image-103\" alt=\"\" srcset=\"https:\/\/rett-syndrom-elternhilfe.de\/wp-content\/uploads\/2025\/10\/2-Feb.-Frank-Bossa-und-Paulina-1024x683.jpg 1024w, https:\/\/rett-syndrom-elternhilfe.de\/wp-content\/uploads\/2025\/10\/2-Feb.-Frank-Bossa-und-Paulina-300x200.jpg 300w, https:\/\/rett-syndrom-elternhilfe.de\/wp-content\/uploads\/2025\/10\/2-Feb.-Frank-Bossa-und-Paulina-768x512.jpg 768w, https:\/\/rett-syndrom-elternhilfe.de\/wp-content\/uploads\/2025\/10\/2-Feb.-Frank-Bossa-und-Paulina-1536x1024.jpg 1536w, https:\/\/rett-syndrom-elternhilfe.de\/wp-content\/uploads\/2025\/10\/2-Feb.-Frank-Bossa-und-Paulina-2048x1365.jpg 2048w\" sizes=\"(max-width: 800px) 100vw, 800px\" \/>\t\t\t\t\t\t\t\t\t\t\t\t\t\t\t<\/div>\n\t\t\t\t<div class=\"elementor-element elementor-element-00e41b1 elementor-widget elementor-widget-image\" data-id=\"00e41b1\" data-element_type=\"widget\" data-widget_type=\"image.default\">\n\t\t\t\t\t\t\t\t\t\t\t\t\t\t\t<img decoding=\"async\" width=\"800\" height=\"534\" src=\"https:\/\/rett-syndrom-elternhilfe.de\/wp-content\/uploads\/2025\/10\/9-Sept.-Thorsten-und-Moa-1024x683.jpg\" class=\"attachment-large size-large wp-image-110\" alt=\"\" srcset=\"https:\/\/rett-syndrom-elternhilfe.de\/wp-content\/uploads\/2025\/10\/9-Sept.-Thorsten-und-Moa-1024x683.jpg 1024w, https:\/\/rett-syndrom-elternhilfe.de\/wp-content\/uploads\/2025\/10\/9-Sept.-Thorsten-und-Moa-300x200.jpg 300w, https:\/\/rett-syndrom-elternhilfe.de\/wp-content\/uploads\/2025\/10\/9-Sept.-Thorsten-und-Moa-768x512.jpg 768w, https:\/\/rett-syndrom-elternhilfe.de\/wp-content\/uploads\/2025\/10\/9-Sept.-Thorsten-und-Moa-1536x1024.jpg 1536w, https:\/\/rett-syndrom-elternhilfe.de\/wp-content\/uploads\/2025\/10\/9-Sept.-Thorsten-und-Moa-2048x1365.jpg 2048w\" sizes=\"(max-width: 800px) 100vw, 800px\" \/>\t\t\t\t\t\t\t\t\t\t\t\t\t\t\t<\/div>\n\t\t\t\t\t<\/div>\n\t\t\t\t<\/div>\n\t\t<div class=\"elementor-element elementor-element-744f90a e-grid e-con-boxed wpr-particle-no wpr-jarallax-no wpr-parallax-no wpr-sticky-section-no e-con e-parent\" data-id=\"744f90a\" data-element_type=\"container\">\n\t\t\t\t\t<div class=\"e-con-inner\">\n\t\t\t\t<div class=\"elementor-element elementor-element-d3cb18e elementor-widget elementor-widget-image\" data-id=\"d3cb18e\" data-element_type=\"widget\" data-widget_type=\"image.default\">\n\t\t\t\t\t\t\t\t\t\t\t\t\t\t\t<img loading=\"lazy\" decoding=\"async\" width=\"800\" height=\"600\" src=\"https:\/\/rett-syndrom-elternhilfe.de\/wp-content\/uploads\/2025\/12\/Sanja-Lara-Janne-Kopie-1024x768.jpg\" class=\"attachment-large size-large wp-image-292\" alt=\"\" srcset=\"https:\/\/rett-syndrom-elternhilfe.de\/wp-content\/uploads\/2025\/12\/Sanja-Lara-Janne-Kopie-1024x768.jpg 1024w, https:\/\/rett-syndrom-elternhilfe.de\/wp-content\/uploads\/2025\/12\/Sanja-Lara-Janne-Kopie-300x225.jpg 300w, https:\/\/rett-syndrom-elternhilfe.de\/wp-content\/uploads\/2025\/12\/Sanja-Lara-Janne-Kopie-768x576.jpg 768w, https:\/\/rett-syndrom-elternhilfe.de\/wp-content\/uploads\/2025\/12\/Sanja-Lara-Janne-Kopie-1536x1152.jpg 1536w, https:\/\/rett-syndrom-elternhilfe.de\/wp-content\/uploads\/2025\/12\/Sanja-Lara-Janne-Kopie.jpg 1600w\" sizes=\"(max-width: 800px) 100vw, 800px\" \/>\t\t\t\t\t\t\t\t\t\t\t\t\t\t\t<\/div>\n\t\t\t\t<div class=\"elementor-element elementor-element-7cd895e elementor-widget elementor-widget-image\" data-id=\"7cd895e\" data-element_type=\"widget\" data-widget_type=\"image.default\">\n\t\t\t\t\t\t\t\t\t\t\t\t\t\t\t<img loading=\"lazy\" decoding=\"async\" width=\"800\" height=\"600\" src=\"https:\/\/rett-syndrom-elternhilfe.de\/wp-content\/uploads\/2025\/12\/Gruppenfoto-Kopie-min-1024x768.jpeg\" class=\"attachment-large size-large wp-image-295\" alt=\"\" srcset=\"https:\/\/rett-syndrom-elternhilfe.de\/wp-content\/uploads\/2025\/12\/Gruppenfoto-Kopie-min-1024x768.jpeg 1024w, https:\/\/rett-syndrom-elternhilfe.de\/wp-content\/uploads\/2025\/12\/Gruppenfoto-Kopie-min-300x225.jpeg 300w, https:\/\/rett-syndrom-elternhilfe.de\/wp-content\/uploads\/2025\/12\/Gruppenfoto-Kopie-min-768x576.jpeg 768w, https:\/\/rett-syndrom-elternhilfe.de\/wp-content\/uploads\/2025\/12\/Gruppenfoto-Kopie-min-1536x1152.jpeg 1536w, https:\/\/rett-syndrom-elternhilfe.de\/wp-content\/uploads\/2025\/12\/Gruppenfoto-Kopie-min-2048x1536.jpeg 2048w\" sizes=\"(max-width: 800px) 100vw, 800px\" \/>\t\t\t\t\t\t\t\t\t\t\t\t\t\t\t<\/div>\n\t\t\t\t<div class=\"elementor-element elementor-element-3922bf1 elementor-widget elementor-widget-image\" data-id=\"3922bf1\" data-element_type=\"widget\" data-widget_type=\"image.default\">\n\t\t\t\t\t\t\t\t\t\t\t\t\t\t\t<img loading=\"lazy\" decoding=\"async\" width=\"800\" height=\"521\" src=\"https:\/\/rett-syndrom-elternhilfe.de\/wp-content\/uploads\/2025\/12\/MV2025Gruppe-Rett-Maedchen-Kopie.jpg\" class=\"attachment-large size-large wp-image-291\" alt=\"\" srcset=\"https:\/\/rett-syndrom-elternhilfe.de\/wp-content\/uploads\/2025\/12\/MV2025Gruppe-Rett-Maedchen-Kopie.jpg 929w, https:\/\/rett-syndrom-elternhilfe.de\/wp-content\/uploads\/2025\/12\/MV2025Gruppe-Rett-Maedchen-Kopie-300x195.jpg 300w, https:\/\/rett-syndrom-elternhilfe.de\/wp-content\/uploads\/2025\/12\/MV2025Gruppe-Rett-Maedchen-Kopie-768x500.jpg 768w\" sizes=\"(max-width: 800px) 100vw, 800px\" \/>\t\t\t\t\t\t\t\t\t\t\t\t\t\t\t<\/div>\n\t\t\t\t\t<\/div>\n\t\t\t\t<\/div>\n\t\t<div class=\"elementor-element elementor-element-ccc9547 e-flex e-con-boxed wpr-particle-no wpr-jarallax-no wpr-parallax-no wpr-sticky-section-no e-con e-parent\" data-id=\"ccc9547\" data-element_type=\"container\">\n\t\t\t\t\t<div class=\"e-con-inner\">\n\t\t\t\t<div class=\"elementor-element elementor-element-7017368 elementor-widget elementor-widget-text-editor\" data-id=\"7017368\" data-element_type=\"widget\" data-widget_type=\"text-editor.default\">\n\t\t\t\t\t\t\t\t\t<p>Wo hat unser Verein \u00fcberall Mitglieder? Wir sind im Norden gut verteilt.<\/p>\t\t\t\t\t\t\t\t<\/div>\n\t\t\t\t\t<\/div>\n\t\t\t\t<\/div>\n\t\t<div class=\"elementor-element elementor-element-41a0270 e-flex e-con-boxed wpr-particle-no wpr-jarallax-no wpr-parallax-no wpr-sticky-section-no e-con e-parent\" data-id=\"41a0270\" data-element_type=\"container\">\n\t\t\t\t\t<div class=\"e-con-inner\">\n\t\t\t\t<div class=\"elementor-element elementor-element-a7f0359 elementor-widget elementor-widget-image\" data-id=\"a7f0359\" data-element_type=\"widget\" data-widget_type=\"image.default\">\n\t\t\t\t\t\t\t\t\t\t\t\t\t\t\t<img loading=\"lazy\" decoding=\"async\" width=\"800\" height=\"450\" src=\"https:\/\/rett-syndrom-elternhilfe.de\/wp-content\/uploads\/2026\/01\/Karte-Rett.001-1024x576.png\" class=\"attachment-large size-large wp-image-369\" alt=\"\" srcset=\"https:\/\/rett-syndrom-elternhilfe.de\/wp-content\/uploads\/2026\/01\/Karte-Rett.001-1024x576.png 1024w, https:\/\/rett-syndrom-elternhilfe.de\/wp-content\/uploads\/2026\/01\/Karte-Rett.001-300x169.png 300w, https:\/\/rett-syndrom-elternhilfe.de\/wp-content\/uploads\/2026\/01\/Karte-Rett.001-768x432.png 768w, https:\/\/rett-syndrom-elternhilfe.de\/wp-content\/uploads\/2026\/01\/Karte-Rett.001-1536x864.png 1536w, https:\/\/rett-syndrom-elternhilfe.de\/wp-content\/uploads\/2026\/01\/Karte-Rett.001.png 1920w\" sizes=\"(max-width: 800px) 100vw, 800px\" \/>\t\t\t\t\t\t\t\t\t\t\t\t\t\t\t<\/div>\n\t\t\t\t<div class=\"elementor-element elementor-element-59cd0f2 elementor-widget elementor-widget-text-editor\" data-id=\"59cd0f2\" data-element_type=\"widget\" data-widget_type=\"text-editor.default\">\n\t\t\t\t\t\t\t\t\t<p>Hier bekommen Sie einen Einblick in das Leben unserer Mitglieder und Rett-M\u00e4dchen.<\/p>\t\t\t\t\t\t\t\t<\/div>\n\t\t\t\t\t<\/div>\n\t\t\t\t<\/div>\n\t\t<div class=\"elementor-element elementor-element-9a80266 e-flex e-con-boxed wpr-particle-no wpr-jarallax-no wpr-parallax-no wpr-sticky-section-no e-con e-parent\" data-id=\"9a80266\" data-element_type=\"container\">\n\t\t\t\t\t<div class=\"e-con-inner\">\n\t\t<div class=\"elementor-element elementor-element-5bf2d22 e-con-full e-flex wpr-particle-no wpr-jarallax-no wpr-parallax-no wpr-sticky-section-no e-con e-child\" data-id=\"5bf2d22\" data-element_type=\"container\">\n\t\t\t\t<div class=\"elementor-element elementor-element-1e1523e elementor-widget elementor-widget-image\" data-id=\"1e1523e\" data-element_type=\"widget\" data-widget_type=\"image.default\">\n\t\t\t\t\t\t\t\t\t\t\t\t\t\t\t<img loading=\"lazy\" decoding=\"async\" width=\"768\" height=\"1045\" src=\"https:\/\/rett-syndrom-elternhilfe.de\/wp-content\/uploads\/2026\/01\/Franzi-768x1045.jpeg\" class=\"attachment-medium_large size-medium_large wp-image-425\" alt=\"\" srcset=\"https:\/\/rett-syndrom-elternhilfe.de\/wp-content\/uploads\/2026\/01\/Franzi-768x1045.jpeg 768w, https:\/\/rett-syndrom-elternhilfe.de\/wp-content\/uploads\/2026\/01\/Franzi-221x300.jpeg 221w, https:\/\/rett-syndrom-elternhilfe.de\/wp-content\/uploads\/2026\/01\/Franzi-753x1024.jpeg 753w, https:\/\/rett-syndrom-elternhilfe.de\/wp-content\/uploads\/2026\/01\/Franzi-1129x1536.jpeg 1129w, https:\/\/rett-syndrom-elternhilfe.de\/wp-content\/uploads\/2026\/01\/Franzi.jpeg 1176w\" sizes=\"(max-width: 768px) 100vw, 768px\" \/>\t\t\t\t\t\t\t\t\t\t\t\t\t\t\t<\/div>\n\t\t\t\t<\/div>\n\t\t<div class=\"elementor-element elementor-element-697431a e-con-full e-flex wpr-particle-no wpr-jarallax-no wpr-parallax-no wpr-sticky-section-no e-con e-child\" data-id=\"697431a\" data-element_type=\"container\">\n\t\t\t\t<div class=\"elementor-element elementor-element-813ec05 elementor-widget elementor-widget-text-editor\" data-id=\"813ec05\" data-element_type=\"widget\" data-widget_type=\"text-editor.default\">\n\t\t\t\t\t\t\t\t\t<p>Franzi<\/p>\t\t\t\t\t\t\t\t<\/div>\n\t\t\t\t<\/div>\n\t\t\t\t\t<\/div>\n\t\t\t\t<\/div>\n\t\t<div class=\"elementor-element elementor-element-2421fd6 e-flex e-con-boxed wpr-particle-no wpr-jarallax-no wpr-parallax-no wpr-sticky-section-no e-con e-parent\" data-id=\"2421fd6\" data-element_type=\"container\">\n\t\t\t\t\t<div class=\"e-con-inner\">\n\t\t<div class=\"elementor-element elementor-element-c3a8d80 e-con-full e-flex wpr-particle-no wpr-jarallax-no wpr-parallax-no wpr-sticky-section-no e-con e-child\" data-id=\"c3a8d80\" data-element_type=\"container\">\n\t\t\t\t<div class=\"elementor-element elementor-element-ccb9c72 elementor-widget elementor-widget-text-editor\" data-id=\"ccb9c72\" data-element_type=\"widget\" data-widget_type=\"text-editor.default\">\n\t\t\t\t\t\t\t\t\t<p>Annika mit ihrer Mutter Nicole<\/p>\t\t\t\t\t\t\t\t<\/div>\n\t\t\t\t<\/div>\n\t\t<div class=\"elementor-element elementor-element-f5e2567 e-con-full e-flex wpr-particle-no wpr-jarallax-no wpr-parallax-no wpr-sticky-section-no e-con e-child\" data-id=\"f5e2567\" data-element_type=\"container\">\n\t\t\t\t<div class=\"elementor-element elementor-element-7a60a4c elementor-widget elementor-widget-image\" data-id=\"7a60a4c\" data-element_type=\"widget\" data-widget_type=\"image.default\">\n\t\t\t\t\t\t\t\t\t\t\t\t\t\t\t<img loading=\"lazy\" decoding=\"async\" width=\"768\" height=\"1024\" src=\"https:\/\/rett-syndrom-elternhilfe.de\/wp-content\/uploads\/2026\/01\/Annika-mit-ihrer-Mutter-Nicole-768x1024.jpeg\" class=\"attachment-medium_large size-medium_large wp-image-424\" alt=\"\" srcset=\"https:\/\/rett-syndrom-elternhilfe.de\/wp-content\/uploads\/2026\/01\/Annika-mit-ihrer-Mutter-Nicole-768x1024.jpeg 768w, https:\/\/rett-syndrom-elternhilfe.de\/wp-content\/uploads\/2026\/01\/Annika-mit-ihrer-Mutter-Nicole-225x300.jpeg 225w, https:\/\/rett-syndrom-elternhilfe.de\/wp-content\/uploads\/2026\/01\/Annika-mit-ihrer-Mutter-Nicole.jpeg 960w\" sizes=\"(max-width: 768px) 100vw, 768px\" \/>\t\t\t\t\t\t\t\t\t\t\t\t\t\t\t<\/div>\n\t\t\t\t<\/div>\n\t\t\t\t\t<\/div>\n\t\t\t\t<\/div>\n\t\t<div class=\"elementor-element elementor-element-ffc10c6 e-flex e-con-boxed wpr-particle-no wpr-jarallax-no wpr-parallax-no wpr-sticky-section-no e-con e-parent\" data-id=\"ffc10c6\" data-element_type=\"container\">\n\t\t\t\t\t<div class=\"e-con-inner\">\n\t\t<div class=\"elementor-element elementor-element-ea46218 e-con-full e-flex wpr-particle-no wpr-jarallax-no wpr-parallax-no wpr-sticky-section-no e-con e-child\" data-id=\"ea46218\" data-element_type=\"container\">\n\t\t\t\t<div class=\"elementor-element elementor-element-e07b8e8 elementor-widget elementor-widget-image\" data-id=\"e07b8e8\" data-element_type=\"widget\" data-widget_type=\"image.default\">\n\t\t\t\t\t\t\t\t\t\t\t\t\t\t\t<img loading=\"lazy\" decoding=\"async\" width=\"768\" height=\"681\" src=\"https:\/\/rett-syndrom-elternhilfe.de\/wp-content\/uploads\/2026\/01\/Kernteam-Vorstand-Okt-2025-768x681.jpeg\" class=\"attachment-medium_large size-medium_large wp-image-426\" alt=\"\" srcset=\"https:\/\/rett-syndrom-elternhilfe.de\/wp-content\/uploads\/2026\/01\/Kernteam-Vorstand-Okt-2025-768x681.jpeg 768w, https:\/\/rett-syndrom-elternhilfe.de\/wp-content\/uploads\/2026\/01\/Kernteam-Vorstand-Okt-2025-300x266.jpeg 300w, https:\/\/rett-syndrom-elternhilfe.de\/wp-content\/uploads\/2026\/01\/Kernteam-Vorstand-Okt-2025-1024x908.jpeg 1024w, https:\/\/rett-syndrom-elternhilfe.de\/wp-content\/uploads\/2026\/01\/Kernteam-Vorstand-Okt-2025-1536x1363.jpeg 1536w, https:\/\/rett-syndrom-elternhilfe.de\/wp-content\/uploads\/2026\/01\/Kernteam-Vorstand-Okt-2025.jpeg 1569w\" sizes=\"(max-width: 768px) 100vw, 768px\" \/>\t\t\t\t\t\t\t\t\t\t\t\t\t\t\t<\/div>\n\t\t\t\t<\/div>\n\t\t<div class=\"elementor-element elementor-element-6fb206b e-con-full e-flex wpr-particle-no wpr-jarallax-no wpr-parallax-no wpr-sticky-section-no e-con e-child\" data-id=\"6fb206b\" data-element_type=\"container\">\n\t\t\t\t<div class=\"elementor-element elementor-element-3137397 elementor-widget elementor-widget-text-editor\" data-id=\"3137397\" data-element_type=\"widget\" data-widget_type=\"text-editor.default\">\n\t\t\t\t\t\t\t\t\t<p>das Vorstandsteam (es fehlt Gerold Kr\u00fcggeler)<\/p>\t\t\t\t\t\t\t\t<\/div>\n\t\t\t\t<\/div>\n\t\t\t\t\t<\/div>\n\t\t\t\t<\/div>\n\t\t<div class=\"elementor-element elementor-element-4ba35e7 e-flex e-con-boxed wpr-particle-no wpr-jarallax-no wpr-parallax-no wpr-sticky-section-no e-con e-parent\" data-id=\"4ba35e7\" data-element_type=\"container\">\n\t\t\t\t\t<div class=\"e-con-inner\">\n\t\t<div class=\"elementor-element elementor-element-39e68b2 e-con-full e-flex wpr-particle-no wpr-jarallax-no wpr-parallax-no wpr-sticky-section-no e-con e-child\" data-id=\"39e68b2\" data-element_type=\"container\">\n\t\t\t\t<div class=\"elementor-element elementor-element-a2828ef elementor-widget elementor-widget-text-editor\" data-id=\"a2828ef\" data-element_type=\"widget\" data-widget_type=\"text-editor.default\">\n\t\t\t\t\t\t\t\t\t<p>Milla Vamina mit ihrer Mama Catharina<\/p>\t\t\t\t\t\t\t\t<\/div>\n\t\t\t\t<\/div>\n\t\t<div class=\"elementor-element elementor-element-f851479 e-con-full e-flex wpr-particle-no wpr-jarallax-no wpr-parallax-no wpr-sticky-section-no e-con e-child\" data-id=\"f851479\" data-element_type=\"container\">\n\t\t\t\t<div class=\"elementor-element elementor-element-97efaef elementor-widget elementor-widget-image\" data-id=\"97efaef\" data-element_type=\"widget\" data-widget_type=\"image.default\">\n\t\t\t\t\t\t\t\t\t\t\t\t\t\t\t<img loading=\"lazy\" decoding=\"async\" width=\"768\" height=\"975\" src=\"https:\/\/rett-syndrom-elternhilfe.de\/wp-content\/uploads\/2026\/01\/Milla-Vamina-mit-ihrer-Mama-Catharina-768x975.jpeg\" class=\"attachment-medium_large size-medium_large wp-image-427\" alt=\"\" srcset=\"https:\/\/rett-syndrom-elternhilfe.de\/wp-content\/uploads\/2026\/01\/Milla-Vamina-mit-ihrer-Mama-Catharina-768x975.jpeg 768w, https:\/\/rett-syndrom-elternhilfe.de\/wp-content\/uploads\/2026\/01\/Milla-Vamina-mit-ihrer-Mama-Catharina-236x300.jpeg 236w, https:\/\/rett-syndrom-elternhilfe.de\/wp-content\/uploads\/2026\/01\/Milla-Vamina-mit-ihrer-Mama-Catharina-806x1024.jpeg 806w, https:\/\/rett-syndrom-elternhilfe.de\/wp-content\/uploads\/2026\/01\/Milla-Vamina-mit-ihrer-Mama-Catharina.jpeg 1170w\" sizes=\"(max-width: 768px) 100vw, 768px\" \/>\t\t\t\t\t\t\t\t\t\t\t\t\t\t\t<\/div>\n\t\t\t\t<\/div>\n\t\t\t\t\t<\/div>\n\t\t\t\t<\/div>\n\t\t\t\t<\/div>\n\t\t","protected":false},"excerpt":{"rendered":"<p>Unsere Mitglieder Ein Einblick in unsere Familien Das Leben mit dem Rett-Syndrom bringt besondere Herausforderungen \u2013 und besondere Momente.Wir sind eine Gemeinschaft von Eltern, die unterst\u00fctzt, begleitet und Hoffnung gibt.Sch\u00f6n, dass Sie da sind. Wo hat unser Verein \u00fcberall Mitglieder? Wir sind im Norden gut verteilt. Hier bekommen Sie einen Einblick in das Leben unserer Mitglieder und Rett-M\u00e4dchen. Franzi Annika mit ihrer Mutter Nicole das Vorstandsteam (es fehlt Gerold Kr\u00fcggeler) Milla Vamina mit ihrer Mama Catharina<\/p>\n","protected":false},"author":1,"featured_media":117,"parent":0,"menu_order":0,"comment_status":"closed","ping_status":"closed","template":"elementor_header_footer","meta":{"footnotes":""},"class_list":["post-191","page","type-page","status-publish","has-post-thumbnail","hentry"],"_links":{"self":[{"href":"https:\/\/rett-syndrom-elternhilfe.de\/index.php?rest_route=\/wp\/v2\/pages\/191","targetHints":{"allow":["GET"]}}],"collection":[{"href":"https:\/\/rett-syndrom-elternhilfe.de\/index.php?rest_route=\/wp\/v2\/pages"}],"about":[{"href":"https:\/\/rett-syndrom-elternhilfe.de\/index.php?rest_route=\/wp\/v2\/types\/page"}],"author":[{"embeddable":true,"href":"https:\/\/rett-syndrom-elternhilfe.de\/index.php?rest_route=\/wp\/v2\/users\/1"}],"replies":[{"embeddable":true,"href":"https:\/\/rett-syndrom-elternhilfe.de\/index.php?rest_route=%2Fwp%2Fv2%2Fcomments&post=191"}],"version-history":[{"count":49,"href":"https:\/\/rett-syndrom-elternhilfe.de\/index.php?rest_route=\/wp\/v2\/pages\/191\/revisions"}],"predecessor-version":[{"id":442,"href":"https:\/\/rett-syndrom-elternhilfe.de\/index.php?rest_route=\/wp\/v2\/pages\/191\/revisions\/442"}],"wp:featuredmedia":[{"embeddable":true,"href":"https:\/\/rett-syndrom-elternhilfe.de\/index.php?rest_route=\/wp\/v2\/media\/117"}],"wp:attachment":[{"href":"https:\/\/rett-syndrom-elternhilfe.de\/index.php?rest_route=%2Fwp%2Fv2%2Fmedia&parent=191"}],"curies":[{"name":"wp","href":"https:\/\/api.w.org\/{rel}","templated":true}]}}